{"id":1857,"date":"2025-10-02T21:12:19","date_gmt":"2025-10-02T21:12:19","guid":{"rendered":"https:\/\/mujerindomita.com\/es\/?page_id=1857"},"modified":"2025-10-02T21:12:19","modified_gmt":"2025-10-02T21:12:19","slug":"booking","status":"publish","type":"page","link":"https:\/\/mujerindomita.com\/es\/booking\/","title":{"rendered":"Booking"},"content":{"rendered":"    <div id=\"sln-salon\" class=\"sln-bootstrap container-fluid sln-salon--m\">\n        <div id=\"sln-salon__content\" class=\"sln-bootstrap container-fluid sln-salon--m__content\">\n                            \n<div id=\"sln-salon-booking\" class=\"sln-shortcode sln-salon--m sln-step-services\">\n    <div id=\"sln-salon-booking__content\" class=\"sln-salon--m__content sln-salon__content-step-services\">\n        <div class=\"sln-topbar\"><h6><a href=\"https:\/\/mujerindomita.com\/es\/booking-my-account\/\">Log-in<\/a><\/h6><\/div>\t<h2 class=\"sln-salon-title\">Reserva una cita<\/h2>\n\t<script>mixpanel.track('Front-end booking form', {\"step\":\"services\",\"version\":\"pro\",\"layout\":\"medium\",\"enviroment\":\"live\"});<\/script>\t<h2 class=\"salon-step-title\">\u00bfQu\u00e9 necesitas?<\/h2>\n\t<div class=\"sln-progbar__wrapper\">\n        <\/h1>\n    <div class=\"sln-progbar__text\">\n        Paso <span>1\/6<\/span> <span><\/span> <span><\/span> <span><\/span> <span><\/span> <span><\/span>    <\/div>\n    <div class=\"sln-progbar\">\n        <div class=\"sln-progbar__item  sln-progbar__item--thankyou\" data-zindex=\"1\"><span class=\"sr-only\">thankyou<\/span><\/div><div class=\"sln-progbar__item  sln-progbar__item--summary\" data-zindex=\"2\"><span class=\"sr-only\">summary<\/span><\/div><div class=\"sln-progbar__item  sln-progbar__item--details\" data-zindex=\"3\"><span class=\"sr-only\">details<\/span><\/div><div class=\"sln-progbar__item  sln-progbar__item--date\" data-zindex=\"4\"><span class=\"sr-only\">date<\/span><\/div><div class=\"sln-progbar__item  sln-progbar__item--attendant\" data-zindex=\"5\"><span class=\"sr-only\">attendant<\/span><\/div><div class=\"sln-progbar__item sln-progbar__item--current sln-progbar__item--services\" data-zindex=\"6\"><span class=\"sr-only\">services<\/span><\/div>    <\/div>\n<\/div>        \t<form id=\"salon-step-services\" method=\"post\" action=\"https:\/\/mujerindomita.com\/es\/wp-json\/wp\/v2\/pages\/1857?sln_step_page=services\" role=\"form\">\n\t\t\t\t<div class=\"row sln-box--main  sln-box--fixed_height\">\n\t\t\t<div class=\"col-xs-12\">        <input type=\"hidden\" name=\"sln[date]\"\n               id=\"sln_date\"\n               value=\"2026-05-14\"  class=\"sln-input sln-input--text\"\/>\n            <input type=\"hidden\" name=\"sln[time]\"\n               id=\"sln_time\"\n               value=\"19:00\"  class=\"sln-input sln-input--text\"\/>\n    <div class=\"sln-service-list sln-list  sln-list--600 clearfix\"> \n                    <label for=\"sln_services_1898\" class=\"sln-list__item sln-service sln-service--1898\">\n    \n                         <div class=\"sln-list__item__thumb\">\n            <img decoding=\"async\" width=\"150\" height=\"150\" src=\"https:\/\/mujerindomita.com\/es\/wp-content\/uploads\/2025\/10\/48_20250820_150452_0046-150x150.png\" class=\"attachment-thumbnail size-thumbnail wp-post-image\" alt=\"\" srcset=\"https:\/\/mujerindomita.com\/es\/wp-content\/uploads\/2025\/10\/48_20250820_150452_0046-150x150.png 150w, https:\/\/mujerindomita.com\/es\/wp-content\/uploads\/2025\/10\/48_20250820_150452_0046-300x300.png 300w, https:\/\/mujerindomita.com\/es\/wp-content\/uploads\/2025\/10\/48_20250820_150452_0046-100x100.png 100w, https:\/\/mujerindomita.com\/es\/wp-content\/uploads\/2025\/10\/48_20250820_150452_0046-75x75.png 75w, https:\/\/mujerindomita.com\/es\/wp-content\/uploads\/2025\/10\/48_20250820_150452_0046-129x129.png 129w, https:\/\/mujerindomita.com\/es\/wp-content\/uploads\/2025\/10\/48_20250820_150452_0046-69x69.png 69w\" sizes=\"(max-width: 150px) 100vw, 150px\" \/>        <\/div>\n    <div class=\"sln-list__item__content\">\n        <h3 class=\"sln-steps-name sln-service-name sln-list__item__name\">Sesi\u00f3n Inicial de Evaluaci\u00f3n<\/h3>\n                <p class=\"sln-service-description sln-list__item__description sln-list__item__description__toggle\">\n            Esta Sesi\u00f3n es totalmente gratis para ti, la <span class=\"sln-list__item__description__breakdots\">...<\/span> <span class=\"sln-list__item__description__more\"> intenci\u00f3n de ella es conocernos, que me comentes tus necesidades y desarrollar conjuntamente el mejor plan de acci\u00f3n, para que obtengas los resultados que deseas de forma permanente y garantizada.<\/span>        <\/p>\n        <div class=\"sln-service__info sln-list__item__info\">\n                               <h3 class=\"sln-steps-price sln-service-price sln-list__item__price\">\n                                        <span class=\"sln-service-price-value sln-list__item__proce__value\"><span class=\"sln-service-price-free\">Gratis<\/span><\/span>\n                    <!-- .sln-service-price \/\/ END -->\n                <\/h3>\n                                           <h3><span class=\"sln-steps-duration sln-service-duration sln-list__item__duration\">\n                        00:30                    <\/span><\/h3>\n                        <\/div>\n    <\/div>\n        \n<div class=\"sln-service__action sln-list__item__action\">\n    <div class=\"sln-checkbox \">\n                <input type=\"checkbox\" name=\"sln[services][1898]\" id=\"sln_services_1898\"\n               value=\"1\"    data-price=\"0\" data-duration=\"30\"\/>\n            <label for=\"sln_services_1898\"><\/label>\n    <\/div>\n        \n<\/div>\n<span class=\"sln-service__errors sln-list__item__errors errors-area\" data-class=\"sln-alert sln-alert-medium sln-alert--problem\"><\/span>\n    <div class=\"sln-alert sln-alert-medium sln-alert--problem\" style=\"display: none\" id=\"availabilityerror\">No hay tiempo suficiente para este servicio<\/div>\n    <div class=\"sln-list__item__fkbkg\"><\/div>\n<\/label>\n<label for=\"sln_services_1877\" class=\"sln-list__item sln-service sln-service--1877\">\n    \n                         <div class=\"sln-list__item__thumb\">\n            <img decoding=\"async\" width=\"150\" height=\"150\" src=\"https:\/\/mujerindomita.com\/es\/wp-content\/uploads\/2025\/10\/ZVljEZKRMNfV4OxmkX1hz-1-e1759430960828-150x150.png\" class=\"attachment-thumbnail size-thumbnail wp-post-image\" alt=\"\" srcset=\"https:\/\/mujerindomita.com\/es\/wp-content\/uploads\/2025\/10\/ZVljEZKRMNfV4OxmkX1hz-1-e1759430960828-150x150.png 150w, https:\/\/mujerindomita.com\/es\/wp-content\/uploads\/2025\/10\/ZVljEZKRMNfV4OxmkX1hz-1-e1759430960828-300x300.png 300w, https:\/\/mujerindomita.com\/es\/wp-content\/uploads\/2025\/10\/ZVljEZKRMNfV4OxmkX1hz-1-e1759430960828-100x100.png 100w, https:\/\/mujerindomita.com\/es\/wp-content\/uploads\/2025\/10\/ZVljEZKRMNfV4OxmkX1hz-1-e1759430960828-75x75.png 75w, https:\/\/mujerindomita.com\/es\/wp-content\/uploads\/2025\/10\/ZVljEZKRMNfV4OxmkX1hz-1-e1759430960828-129x129.png 129w, https:\/\/mujerindomita.com\/es\/wp-content\/uploads\/2025\/10\/ZVljEZKRMNfV4OxmkX1hz-1-e1759430960828-69x69.png 69w\" sizes=\"(max-width: 150px) 100vw, 150px\" \/>        <\/div>\n    <div class=\"sln-list__item__content\">\n        <h3 class=\"sln-steps-name sln-service-name sln-list__item__name\">Sesi\u00f3n de NeutoCoaching<\/h3>\n                <p class=\"sln-service-description sln-list__item__description sln-list__item__description__toggle\">\n            Esta es una sesi\u00f3n \u00fanica, recomendada cuando <span class=\"sln-list__item__description__breakdots\">...<\/span> <span class=\"sln-list__item__description__more\"> tienes claro lo que buscas obtener en una sesi\u00f3n. No siempre se puede obtener en una sola sesi\u00f3n, mas en casos en los que necesitas tomar una decisi\u00f3n y no estas totalmente seguro, suele funcionar de forma excelente. Pero procesos de transformaci\u00f3n profunda en algunas de tus \u00e1reas de vida, conllevan a necesitar mas sesiones, en ese caso te recomiendo alguno de los Pack. Previamente agenda una sesione exploratoria para poder ver conjuntamente cual es la mejor opci\u00f3n para ti.<\/span>        <\/p>\n        <div class=\"sln-service__info sln-list__item__info\">\n                               <h3 class=\"sln-steps-price sln-service-price sln-list__item__price\">\n                                        <span class=\"sln-service-price-value sln-list__item__proce__value\">50 &#36;<\/span>\n                    <!-- .sln-service-price \/\/ END -->\n                <\/h3>\n                                           <h3><span class=\"sln-steps-duration sln-service-duration sln-list__item__duration\">\n                        01:00                    <\/span><\/h3>\n                        <\/div>\n    <\/div>\n        \n<div class=\"sln-service__action sln-list__item__action\">\n    <div class=\"sln-checkbox \">\n                <input type=\"checkbox\" name=\"sln[services][1877]\" id=\"sln_services_1877\"\n               value=\"1\"    data-price=\"50\" data-duration=\"60\"\/>\n            <label for=\"sln_services_1877\"><\/label>\n    <\/div>\n        \n<\/div>\n<span class=\"sln-service__errors sln-list__item__errors errors-area\" data-class=\"sln-alert sln-alert-medium sln-alert--problem\"><\/span>\n    <div class=\"sln-alert sln-alert-medium sln-alert--problem\" style=\"display: none\" id=\"availabilityerror\">No hay tiempo suficiente para este servicio<\/div>\n    <div class=\"sln-list__item__fkbkg\"><\/div>\n<\/label>\n<label for=\"sln_services_2044\" class=\"sln-list__item sln-service sln-service--2044\">\n    \n                         <div class=\"sln-list__item__thumb\">\n            <img decoding=\"async\" width=\"150\" height=\"150\" src=\"https:\/\/mujerindomita.com\/es\/wp-content\/uploads\/2025\/10\/pexels-pixabay-261651-150x150.jpg\" class=\"attachment-thumbnail size-thumbnail wp-post-image\" alt=\"\" srcset=\"https:\/\/mujerindomita.com\/es\/wp-content\/uploads\/2025\/10\/pexels-pixabay-261651-150x150.jpg 150w, https:\/\/mujerindomita.com\/es\/wp-content\/uploads\/2025\/10\/pexels-pixabay-261651-75x75.jpg 75w, https:\/\/mujerindomita.com\/es\/wp-content\/uploads\/2025\/10\/pexels-pixabay-261651-129x129.jpg 129w, https:\/\/mujerindomita.com\/es\/wp-content\/uploads\/2025\/10\/pexels-pixabay-261651-69x69.jpg 69w, https:\/\/mujerindomita.com\/es\/wp-content\/uploads\/2025\/10\/pexels-pixabay-261651-300x300.jpg 300w, https:\/\/mujerindomita.com\/es\/wp-content\/uploads\/2025\/10\/pexels-pixabay-261651-100x100.jpg 100w\" sizes=\"(max-width: 150px) 100vw, 150px\" \/>        <\/div>\n    <div class=\"sln-list__item__content\">\n        <h3 class=\"sln-steps-name sln-service-name sln-list__item__name\">Pack de Sesiones Gold<\/h3>\n                <p class=\"sln-service-description sln-list__item__description sln-list__item__description__toggle\">\n            Este Pack consiste en 3 sesiones semanales, por un <span class=\"sln-list__item__description__breakdots\">...<\/span> <span class=\"sln-list__item__description__more\"> periodo de un mes. Es un Pack Gold, que es muy solicitado por personas que est\u00e1n comprometidas con su proceso de transformaci\u00f3n personal y profesional, obteniendo transformaciones permanentes.<\/span>        <\/p>\n        <div class=\"sln-service__info sln-list__item__info\">\n                               <h3 class=\"sln-steps-price sln-service-price sln-list__item__price\">\n                                        <span class=\"sln-service-price-value sln-list__item__proce__value\">500 &#36;<\/span>\n                    <!-- .sln-service-price \/\/ END -->\n                <\/h3>\n                                           <h3><span class=\"sln-steps-duration sln-service-duration sln-list__item__duration\">\n                        01:00                    <\/span><\/h3>\n                        <\/div>\n    <\/div>\n        \n<div class=\"sln-service__action sln-list__item__action\">\n    <div class=\"sln-checkbox \">\n                <input type=\"checkbox\" name=\"sln[services][2044]\" id=\"sln_services_2044\"\n               value=\"1\"    data-price=\"500\" data-duration=\"60\"\/>\n            <label for=\"sln_services_2044\"><\/label>\n    <\/div>\n        \n<\/div>\n<span class=\"sln-service__errors sln-list__item__errors errors-area\" data-class=\"sln-alert sln-alert-medium sln-alert--problem\"><\/span>\n    <div class=\"sln-alert sln-alert-medium sln-alert--problem\" style=\"display: none\" id=\"availabilityerror\">No hay tiempo suficiente para este servicio<\/div>\n    <div class=\"sln-list__item__fkbkg\"><\/div>\n<\/label>\n<label for=\"sln_services_2035\" class=\"sln-list__item sln-service sln-service--2035\">\n    \n                         <div class=\"sln-list__item__thumb\">\n            <img loading=\"lazy\" decoding=\"async\" width=\"150\" height=\"150\" src=\"https:\/\/mujerindomita.com\/es\/wp-content\/uploads\/2025\/10\/pexels-vlada-karpovich-4050388-150x150.jpg\" class=\"attachment-thumbnail size-thumbnail wp-post-image\" alt=\"\" srcset=\"https:\/\/mujerindomita.com\/es\/wp-content\/uploads\/2025\/10\/pexels-vlada-karpovich-4050388-150x150.jpg 150w, https:\/\/mujerindomita.com\/es\/wp-content\/uploads\/2025\/10\/pexels-vlada-karpovich-4050388-75x75.jpg 75w, https:\/\/mujerindomita.com\/es\/wp-content\/uploads\/2025\/10\/pexels-vlada-karpovich-4050388-129x129.jpg 129w, https:\/\/mujerindomita.com\/es\/wp-content\/uploads\/2025\/10\/pexels-vlada-karpovich-4050388-69x69.jpg 69w, https:\/\/mujerindomita.com\/es\/wp-content\/uploads\/2025\/10\/pexels-vlada-karpovich-4050388-300x300.jpg 300w, https:\/\/mujerindomita.com\/es\/wp-content\/uploads\/2025\/10\/pexels-vlada-karpovich-4050388-100x100.jpg 100w\" sizes=\"(max-width: 150px) 100vw, 150px\" \/>        <\/div>\n    <div class=\"sln-list__item__content\">\n        <h3 class=\"sln-steps-name sln-service-name sln-list__item__name\">Pack de Sesiones Premium<\/h3>\n                <p class=\"sln-service-description sln-list__item__description sln-list__item__description__toggle\">\n            Este Pack consiste en 5 sesiones semanales, por un <span class=\"sln-list__item__description__breakdots\">...<\/span> <span class=\"sln-list__item__description__more\"> periodo de un mes. Es un Pack Premium, que es muy solicitado por personas que est\u00e1n full comprometidas con su proceso de transformaci\u00f3n personal y profesional, obteniendo transformaciones permanentes.<\/span>        <\/p>\n        <div class=\"sln-service__info sln-list__item__info\">\n                               <h3 class=\"sln-steps-price sln-service-price sln-list__item__price\">\n                                        <span class=\"sln-service-price-value sln-list__item__proce__value\">800 &#36;<\/span>\n                    <!-- .sln-service-price \/\/ END -->\n                <\/h3>\n                                           <h3><span class=\"sln-steps-duration sln-service-duration sln-list__item__duration\">\n                        01:00                    <\/span><\/h3>\n                        <\/div>\n    <\/div>\n        \n<div class=\"sln-service__action sln-list__item__action\">\n    <div class=\"sln-checkbox \">\n                <input type=\"checkbox\" name=\"sln[services][2035]\" id=\"sln_services_2035\"\n               value=\"1\"    data-price=\"800\" data-duration=\"60\"\/>\n            <label for=\"sln_services_2035\"><\/label>\n    <\/div>\n        \n<\/div>\n<span class=\"sln-service__errors sln-list__item__errors errors-area\" data-class=\"sln-alert sln-alert-medium sln-alert--problem\"><\/span>\n    <div class=\"sln-alert sln-alert-medium sln-alert--problem\" style=\"display: none\" id=\"availabilityerror\">No hay tiempo suficiente para este servicio<\/div>\n    <div class=\"sln-list__item__fkbkg\"><\/div>\n<\/label>\n<label for=\"sln_services_1879\" class=\"sln-list__item sln-service sln-service--1879\">\n    \n                         <div class=\"sln-list__item__thumb\">\n            <img loading=\"lazy\" decoding=\"async\" width=\"150\" height=\"150\" src=\"https:\/\/mujerindomita.com\/es\/wp-content\/uploads\/2025\/10\/l3atD2nRgKeU2cNzWtYXx-1-150x150.png\" class=\"attachment-thumbnail size-thumbnail wp-post-image\" alt=\"personaje\" srcset=\"https:\/\/mujerindomita.com\/es\/wp-content\/uploads\/2025\/10\/l3atD2nRgKeU2cNzWtYXx-1-150x150.png 150w, https:\/\/mujerindomita.com\/es\/wp-content\/uploads\/2025\/10\/l3atD2nRgKeU2cNzWtYXx-1-300x300.png 300w, https:\/\/mujerindomita.com\/es\/wp-content\/uploads\/2025\/10\/l3atD2nRgKeU2cNzWtYXx-1-100x100.png 100w, https:\/\/mujerindomita.com\/es\/wp-content\/uploads\/2025\/10\/l3atD2nRgKeU2cNzWtYXx-1-600x600.png 600w, https:\/\/mujerindomita.com\/es\/wp-content\/uploads\/2025\/10\/l3atD2nRgKeU2cNzWtYXx-1-768x768.png 768w, https:\/\/mujerindomita.com\/es\/wp-content\/uploads\/2025\/10\/l3atD2nRgKeU2cNzWtYXx-1.png 1024w\" sizes=\"(max-width: 150px) 100vw, 150px\" \/>        <\/div>\n    <div class=\"sln-list__item__content\">\n        <h3 class=\"sln-steps-name sln-service-name sln-list__item__name\">Neuro Intervenci\u00f3n<\/h3>\n                <p class=\"sln-service-description sln-list__item__description \">\n                    <\/p>\n        <div class=\"sln-service__info sln-list__item__info\">\n                               <h3 class=\"sln-steps-price sln-service-price sln-list__item__price\">\n                                        <span class=\"sln-service-price-value sln-list__item__proce__value\">140 &#36;<\/span>\n                    <!-- .sln-service-price \/\/ END -->\n                <\/h3>\n                                           <h3><span class=\"sln-steps-duration sln-service-duration sln-list__item__duration\">\n                        02:00                    <\/span><\/h3>\n                        <\/div>\n    <\/div>\n        \n<div class=\"sln-service__action sln-list__item__action\">\n    <div class=\"sln-checkbox \">\n                <input type=\"checkbox\" name=\"sln[services][1879]\" id=\"sln_services_1879\"\n               value=\"1\"    data-price=\"140\" data-duration=\"120\"\/>\n            <label for=\"sln_services_1879\"><\/label>\n    <\/div>\n        \n<\/div>\n<span class=\"sln-service__errors sln-list__item__errors errors-area\" data-class=\"sln-alert sln-alert-medium sln-alert--problem\"><\/span>\n    <div class=\"sln-alert sln-alert-medium sln-alert--problem\" style=\"display: none\" id=\"availabilityerror\">No hay tiempo suficiente para este servicio<\/div>\n    <div class=\"sln-list__item__fkbkg\"><\/div>\n<\/label>\n<label for=\"sln_services_1881\" class=\"sln-list__item sln-service sln-service--1881\">\n    \n                         <div class=\"sln-list__item__thumb\">\n            <img loading=\"lazy\" decoding=\"async\" width=\"150\" height=\"150\" src=\"https:\/\/mujerindomita.com\/es\/wp-content\/uploads\/2025\/10\/crear-y-liderar-equipos-de-alto-desempeno-150x150.png\" class=\"attachment-thumbnail size-thumbnail wp-post-image\" alt=\"\" srcset=\"https:\/\/mujerindomita.com\/es\/wp-content\/uploads\/2025\/10\/crear-y-liderar-equipos-de-alto-desempeno-150x150.png 150w, https:\/\/mujerindomita.com\/es\/wp-content\/uploads\/2025\/10\/crear-y-liderar-equipos-de-alto-desempeno-300x300.png 300w, https:\/\/mujerindomita.com\/es\/wp-content\/uploads\/2025\/10\/crear-y-liderar-equipos-de-alto-desempeno-100x100.png 100w\" sizes=\"(max-width: 150px) 100vw, 150px\" \/>        <\/div>\n    <div class=\"sln-list__item__content\">\n        <h3 class=\"sln-steps-name sln-service-name sln-list__item__name\">Sesi\u00f3n de Hipnosis Ericksoniana<\/h3>\n                <p class=\"sln-service-description sln-list__item__description \">\n                    <\/p>\n        <div class=\"sln-service__info sln-list__item__info\">\n                               <h3 class=\"sln-steps-price sln-service-price sln-list__item__price\">\n                                        <span class=\"sln-service-price-value sln-list__item__proce__value\">360 &#36;<\/span>\n                    <!-- .sln-service-price \/\/ END -->\n                <\/h3>\n                                           <h3><span class=\"sln-steps-duration sln-service-duration sln-list__item__duration\">\n                        02:00                    <\/span><\/h3>\n                        <\/div>\n    <\/div>\n        \n<div class=\"sln-service__action sln-list__item__action\">\n    <div class=\"sln-checkbox \">\n                <input type=\"checkbox\" name=\"sln[services][1881]\" id=\"sln_services_1881\"\n               value=\"1\"    data-price=\"360\" data-duration=\"120\"\/>\n            <label for=\"sln_services_1881\"><\/label>\n    <\/div>\n        \n<\/div>\n<span class=\"sln-service__errors sln-list__item__errors errors-area\" data-class=\"sln-alert sln-alert-medium sln-alert--problem\"><\/span>\n    <div class=\"sln-alert sln-alert-medium sln-alert--problem\" style=\"display: none\" id=\"availabilityerror\">No hay tiempo suficiente para este servicio<\/div>\n    <div class=\"sln-list__item__fkbkg\"><\/div>\n<\/label>\n<label for=\"sln_services_1900\" class=\"sln-list__item sln-service sln-service--1900\">\n    \n                         <div class=\"sln-list__item__thumb\">\n            <img loading=\"lazy\" decoding=\"async\" width=\"150\" height=\"150\" src=\"https:\/\/mujerindomita.com\/es\/wp-content\/uploads\/2025\/10\/0CR6V6JebFTFJwzJx-1Un-1-150x150.png\" class=\"attachment-thumbnail size-thumbnail wp-post-image\" alt=\"\" srcset=\"https:\/\/mujerindomita.com\/es\/wp-content\/uploads\/2025\/10\/0CR6V6JebFTFJwzJx-1Un-1-150x150.png 150w, https:\/\/mujerindomita.com\/es\/wp-content\/uploads\/2025\/10\/0CR6V6JebFTFJwzJx-1Un-1-300x300.png 300w, https:\/\/mujerindomita.com\/es\/wp-content\/uploads\/2025\/10\/0CR6V6JebFTFJwzJx-1Un-1-100x100.png 100w, https:\/\/mujerindomita.com\/es\/wp-content\/uploads\/2025\/10\/0CR6V6JebFTFJwzJx-1Un-1-600x600.png 600w, https:\/\/mujerindomita.com\/es\/wp-content\/uploads\/2025\/10\/0CR6V6JebFTFJwzJx-1Un-1-768x768.png 768w, https:\/\/mujerindomita.com\/es\/wp-content\/uploads\/2025\/10\/0CR6V6JebFTFJwzJx-1Un-1.png 1024w\" sizes=\"(max-width: 150px) 100vw, 150px\" \/>        <\/div>\n    <div class=\"sln-list__item__content\">\n        <h3 class=\"sln-steps-name sln-service-name sln-list__item__name\">Sesi\u00f3n de Pareja<\/h3>\n                <p class=\"sln-service-description sln-list__item__description \">\n                    <\/p>\n        <div class=\"sln-service__info sln-list__item__info\">\n                               <h3 class=\"sln-steps-price sln-service-price sln-list__item__price\">\n                                        <span class=\"sln-service-price-value sln-list__item__proce__value\">60 &#36;<\/span>\n                    <!-- .sln-service-price \/\/ END -->\n                <\/h3>\n                                           <h3><span class=\"sln-steps-duration sln-service-duration sln-list__item__duration\">\n                        01:00                    <\/span><\/h3>\n                        <\/div>\n    <\/div>\n        \n<div class=\"sln-service__action sln-list__item__action\">\n    <div class=\"sln-checkbox \">\n                <input type=\"checkbox\" name=\"sln[services][1900]\" id=\"sln_services_1900\"\n               value=\"1\"    data-price=\"60\" data-duration=\"60\"\/>\n            <label for=\"sln_services_1900\"><\/label>\n    <\/div>\n        \n<\/div>\n<span class=\"sln-service__errors sln-list__item__errors errors-area\" data-class=\"sln-alert sln-alert-medium sln-alert--problem\"><\/span>\n    <div class=\"sln-alert sln-alert-medium sln-alert--problem\" style=\"display: none\" id=\"availabilityerror\">No hay tiempo suficiente para este servicio<\/div>\n    <div class=\"sln-list__item__fkbkg\"><\/div>\n<\/label>\n                <!-- .sln-service-list \/\/ END -->\n<\/div>\n\n<\/div>\n\t\t<\/div>\n\t\t<div id=\"sln-box__bottombar\" class=\"row sln-box__bottombar sln-box__bottombar--services\">\n    <!-- <div class=\"sln-box__bottombar__fkbg\"><\/div> -->\n    <div class=\"sln-box__bottombar__fkbg--customcolors\"><\/div>\n    <div class=\"col-xs-12\">\n\n\n                    <div class=\"sln-total\">\n                                    <h3 class=\"sln-total-label\">\n                        Subtotal                    <\/h3>\n                    <h3 class=\"sln-total-price\" id=\"services-total\"\n                        data-symbol-left=\"\"\n                        data-symbol-right=\"&#36;\"\n                        data-symbol-decimal=\".\"\n                        data-symbol-thousand=\",\">\n                        0.00 &#36;                    <\/h3>\n                            <\/div>\n        \n                            <div class=\"sln-box--formactions sln-box--formactions--services form-actions\">\n                <div class=\"sln-btn sln-btn--emphasis sln-btn--medium sln-btn--fullwidth sln-btn--nextstep\">\n                            <button\n                            data-salon-data=\"sln_step_page=services&submit_services=next\" data-salon-toggle=\"next\"\n                        id=\"sln-step-submit\" type=\"submit\" name=\"submit_services\" value=\"next\">\n            Siguiente paso <i class=\"glyphicon glyphicon-chevron-right\"><\/i>\n        <\/button>\n        <button\n                id=\"sln-step-submit-complete\" value=\"next\" class=\"hidden\">\n            Completado        <\/button>\n                        <\/div>\n                                       <div class=\"sln-btn--prevstep\"><\/div>\n                            <\/div>\n            <\/div>\n<\/div> <!-- sln-box--main closing tag if size == 900 else sln-box--formactions closing tag -->\n        <input type=\"hidden\" name=\"sln[customer_timezone]\" value=\"\">\n\t<\/form>\n\t        <div id=\"sln-notifications\" class=\"sln-notifications--fix--tr\"><\/div>\n        <div id=\"sln-salon__follower\"><\/div>\n    <\/div>\n    <!-- .sln-salon__wrapper \/\/ END -->\n<\/div>                    <\/div>\n    <\/div>\n\n    <div id=\"sln-plugin-credits\" class=\"sln-credits sln-salon--m-credits\">\n        Orgullosamente respaldado por        <a target=\"_blanck\"\n           href=\"https:\/\/www.salonbookingsystem.com\/plugin-pricing\/#utm_source=plugin-credits&utm_medium=booking-form&utm_campaign=booking-form&utm_id=plugin-credits\">Sistema de reserva de salones<\/a>\n    <\/div>\n\n","protected":false},"excerpt":{"rendered":"","protected":false},"author":1,"featured_media":0,"parent":0,"menu_order":0,"comment_status":"closed","ping_status":"closed","template":"","meta":{"footnotes":""},"class_list":["post-1857","page","type-page","status-publish","hentry"],"_links":{"self":[{"href":"https:\/\/mujerindomita.com\/es\/wp-json\/wp\/v2\/pages\/1857","targetHints":{"allow":["GET"]}}],"collection":[{"href":"https:\/\/mujerindomita.com\/es\/wp-json\/wp\/v2\/pages"}],"about":[{"href":"https:\/\/mujerindomita.com\/es\/wp-json\/wp\/v2\/types\/page"}],"author":[{"embeddable":true,"href":"https:\/\/mujerindomita.com\/es\/wp-json\/wp\/v2\/users\/1"}],"replies":[{"embeddable":true,"href":"https:\/\/mujerindomita.com\/es\/wp-json\/wp\/v2\/comments?post=1857"}],"version-history":[{"count":0,"href":"https:\/\/mujerindomita.com\/es\/wp-json\/wp\/v2\/pages\/1857\/revisions"}],"wp:attachment":[{"href":"https:\/\/mujerindomita.com\/es\/wp-json\/wp\/v2\/media?parent=1857"}],"curies":[{"name":"wp","href":"https:\/\/api.w.org\/{rel}","templated":true}]}}