{"id":1971,"date":"2025-10-12T16:23:49","date_gmt":"2025-10-12T16:23:49","guid":{"rendered":"https:\/\/mujerindomita.com\/es\/?post_type=product&#038;p=1971"},"modified":"2025-10-12T16:59:58","modified_gmt":"2025-10-12T16:59:58","slug":"mini-ebook-eneneagrama","status":"publish","type":"product","link":"https:\/\/mujerindomita.com\/es\/producto\/mini-ebook-eneneagrama\/","title":{"rendered":"Mini eBook Eneneagrama"},"content":{"rendered":"<p>En un mundo donde el cambio es constante y la b\u00fasqueda de sentido es cada vez m\u00e1s relevante, el Eneagrama se posiciona como una de las herramientas m\u00e1s potentes y transformadoras para el autoconocimiento y el desarrollo personal. Si buscas una manera efectiva de comprenderte mejor, mejorar tus relaciones y potenciar tu vida profesional y personal, el Eneagrama es una inversi\u00f3n invaluable.<\/p>\n<p><strong>\u00bfQu\u00e9 es el Eneagrama?<\/strong><br \/>\nEl Eneagrama es un modelo que describe nueve tipos de personalidad, conocidos como eneatipos, cada uno con sus propias motivaciones, miedos, deseos y patrones de comportamiento. A diferencia de otros sistemas que solo analizan el comportamiento externo, el Eneagrama profundiza en las ra\u00edces de nuestras emociones y pensamientos, permiti\u00e9ndonos descubrir por qu\u00e9 actuamos como lo hacemos y c\u00f3mo podemos cambiar para mejor.<\/p>\n","protected":false},"excerpt":{"rendered":"<p><strong>Beneficios y Ventajas de Usar el Eneagrama<\/strong><br \/>\n\u2022 Autoconocimiento profundo: Identificar tu eneatipo te permite descubrir qui\u00e9n eres realmente, comprender tus motivaciones internas y reconocer tus patrones autom\u00e1ticos de pensamiento, emoci\u00f3n y conducta.<br \/>\n\u2022 Mejora de relaciones interpersonales: Al entender tu propio eneatipo y el de los dem\u00e1s, puedes interactuar de forma m\u00e1s emp\u00e1tica y efectiva, mejorando la comunicaci\u00f3n y generando relaciones m\u00e1s saludables y satisfactorias.<br \/>\n\u2022 Gesti\u00f3n emocional y reducci\u00f3n del estr\u00e9s: El Eneagrama te ayuda a identificar y aceptar tus emociones, facilitando la gesti\u00f3n del estr\u00e9s y promoviendo una autoestima m\u00e1s s\u00f3lida y compasiva.<br \/>\n\u2022 Transformaci\u00f3n personal y profesional: No solo te muestra lo que haces, sino por qu\u00e9 lo haces, permiti\u00e9ndote tomar decisiones m\u00e1s alineadas con tus valores y prop\u00f3sito, y maximizando tu potencial en el \u00e1mbito laboral.<br \/>\n\u2022 Descubrimiento de patrones inconscientes: Muchas veces repetimos conductas que nos sabotean sin darnos cuenta. El Eneagrama te ayuda a identificar estos patrones y te brinda herramientas para superarlos.\u2022 Crecimiento emocional y espiritual: M\u00e1s all\u00e1 de ser un simple test, es una gu\u00eda para sanar, crecer y evolucionar, tanto en lo personal. en lo profesional, como en lo espiritual.<\/p>\n","protected":false},"featured_media":1976,"comment_status":"open","ping_status":"closed","template":"","meta":[],"product_brand":[22],"product_cat":[23],"product_tag":[24],"class_list":{"0":"post-1971","1":"product","2":"type-product","3":"status-publish","4":"has-post-thumbnail","6":"product_brand-jose-maria-diaz","7":"product_cat-mini-ebooks","8":"product_tag-ebook","10":"first","11":"instock","12":"sale","13":"downloadable","14":"virtual","15":"purchasable","16":"product-type-simple"},"_links":{"self":[{"href":"https:\/\/mujerindomita.com\/es\/wp-json\/wp\/v2\/product\/1971","targetHints":{"allow":["GET"]}}],"collection":[{"href":"https:\/\/mujerindomita.com\/es\/wp-json\/wp\/v2\/product"}],"about":[{"href":"https:\/\/mujerindomita.com\/es\/wp-json\/wp\/v2\/types\/product"}],"replies":[{"embeddable":true,"href":"https:\/\/mujerindomita.com\/es\/wp-json\/wp\/v2\/comments?post=1971"}],"version-history":[{"count":1,"href":"https:\/\/mujerindomita.com\/es\/wp-json\/wp\/v2\/product\/1971\/revisions"}],"predecessor-version":[{"id":1979,"href":"https:\/\/mujerindomita.com\/es\/wp-json\/wp\/v2\/product\/1971\/revisions\/1979"}],"wp:featuredmedia":[{"embeddable":true,"href":"https:\/\/mujerindomita.com\/es\/wp-json\/wp\/v2\/media\/1976"}],"wp:attachment":[{"href":"https:\/\/mujerindomita.com\/es\/wp-json\/wp\/v2\/media?parent=1971"}],"wp:term":[{"taxonomy":"product_brand","embeddable":true,"href":"https:\/\/mujerindomita.com\/es\/wp-json\/wp\/v2\/product_brand?post=1971"},{"taxonomy":"product_cat","embeddable":true,"href":"https:\/\/mujerindomita.com\/es\/wp-json\/wp\/v2\/product_cat?post=1971"},{"taxonomy":"product_tag","embeddable":true,"href":"https:\/\/mujerindomita.com\/es\/wp-json\/wp\/v2\/product_tag?post=1971"}],"curies":[{"name":"wp","href":"https:\/\/api.w.org\/{rel}","templated":true}]}}