{"id":1978,"date":"2025-10-12T16:58:23","date_gmt":"2025-10-12T16:58:23","guid":{"rendered":"https:\/\/mujerindomita.com\/es\/?post_type=product&#038;p=1978"},"modified":"2025-10-17T17:27:18","modified_gmt":"2025-10-17T17:27:18","slug":"cuestionario-del-eneagrama","status":"publish","type":"product","link":"https:\/\/mujerindomita.com\/es\/producto\/cuestionario-del-eneagrama\/","title":{"rendered":"Cuestionario del Eneagrama"},"content":{"rendered":"<p><strong>\u00bfPara Qu\u00e9 es \u00datil el Eneagrama?<\/strong><\/p>\n<p>Para conocerte mejor y conocer mejor a los dem\u00e1s.<br \/>\n\u2022 Para relacionarte bien con tu cuerpo.<br \/>\n\u2022 Para comprenderte y comprender a los dem\u00e1s.<br \/>\n\u2022 Para aumentar tu nivel de conciencia (mayor libertad).<\/p>\n<p><strong>Beneficios del Neuro Coaching con el Eneagrama<\/strong><br \/>\n\u2713 Auto Conocimiento<br \/>\n\u2713 Orientaci\u00f3n de Vida<br \/>\n\u2713 Lograr Objetivos<br \/>\n\u2713 Encontrar Equilibrio<br \/>\n\u2713 Entender Tus Patrones<br \/>\n\u2713 Re-Encuadrar Tus Creencias<br \/>\n\u2713 Descubrir Tus Puntos Ciegos<br \/>\n\u2713 Mejorar Tus Habilidades de Comunicaci\u00f3n<\/p>\n","protected":false},"excerpt":{"rendered":"<p><strong>\u00bfQu\u00e9 es el Eneagrama?<\/strong><\/p>\n<p>Es un m\u00e9todo para investigar sobre uno mismo y sobre los dem\u00e1s, una potente herramienta para el desarrollo personal, psicol\u00f3gico y espiritual.<\/p>\n<p>Se compone de 9 arquetipos o estilos b\u00e1sicos de personalidad (los eneatipos), muy diferentes entre si; ninguno es mejor ni peor que otro; cada tipo tiene sus ventajas y desventajas, sus fuerzas y debilidades \u00fanicas.<br \/>\nCada uno de los tipos se corresponde con una manera de pensar, sentir y actuar<\/p>\n","protected":false},"featured_media":1976,"comment_status":"open","ping_status":"closed","template":"","meta":[],"product_brand":[22],"product_cat":[23],"product_tag":[32],"class_list":{"0":"post-1978","1":"product","2":"type-product","3":"status-publish","4":"has-post-thumbnail","6":"product_brand-jose-maria-diaz","7":"product_cat-mini-ebooks","8":"product_tag-cuestionarios","10":"first","11":"instock","12":"sale","13":"downloadable","14":"virtual","15":"purchasable","16":"product-type-simple"},"_links":{"self":[{"href":"https:\/\/mujerindomita.com\/es\/wp-json\/wp\/v2\/product\/1978","targetHints":{"allow":["GET"]}}],"collection":[{"href":"https:\/\/mujerindomita.com\/es\/wp-json\/wp\/v2\/product"}],"about":[{"href":"https:\/\/mujerindomita.com\/es\/wp-json\/wp\/v2\/types\/product"}],"replies":[{"embeddable":true,"href":"https:\/\/mujerindomita.com\/es\/wp-json\/wp\/v2\/comments?post=1978"}],"version-history":[{"count":2,"href":"https:\/\/mujerindomita.com\/es\/wp-json\/wp\/v2\/product\/1978\/revisions"}],"predecessor-version":[{"id":2130,"href":"https:\/\/mujerindomita.com\/es\/wp-json\/wp\/v2\/product\/1978\/revisions\/2130"}],"wp:featuredmedia":[{"embeddable":true,"href":"https:\/\/mujerindomita.com\/es\/wp-json\/wp\/v2\/media\/1976"}],"wp:attachment":[{"href":"https:\/\/mujerindomita.com\/es\/wp-json\/wp\/v2\/media?parent=1978"}],"wp:term":[{"taxonomy":"product_brand","embeddable":true,"href":"https:\/\/mujerindomita.com\/es\/wp-json\/wp\/v2\/product_brand?post=1978"},{"taxonomy":"product_cat","embeddable":true,"href":"https:\/\/mujerindomita.com\/es\/wp-json\/wp\/v2\/product_cat?post=1978"},{"taxonomy":"product_tag","embeddable":true,"href":"https:\/\/mujerindomita.com\/es\/wp-json\/wp\/v2\/product_tag?post=1978"}],"curies":[{"name":"wp","href":"https:\/\/api.w.org\/{rel}","templated":true}]}}